{"id":44,"date":"2013-10-21T12:01:39","date_gmt":"2013-10-21T10:01:39","guid":{"rendered":"http:\/\/hobby.spaco.cz\/?page_id=44"},"modified":"2016-10-30T19:09:04","modified_gmt":"2016-10-30T17:09:04","slug":"robotika","status":"publish","type":"page","link":"https:\/\/hobby.spaco.cz\/?page_id=44","title":{"rendered":"PICAXE"},"content":{"rendered":"<p>Tady jsou uvedeny informace o mikrokontroleru PICAXE, se kter\u00fdm jsme vyr\u00e1b\u011bli na\u0161e prvn\u00ed roboty. Doba jde d\u00e1l a jejich v\u00fdkon u\u017e nesta\u010d\u00ed na konstrukci konkurence schopn\u00e9ho robota. Proto jsme i my p\u0159e\u0161li na platformu <strong>Atmel &#8211; Arduino<\/strong>.<br \/>\nTouto platformou se zab\u00fdv\u00e1 velk\u00e9 mno\u017estv\u00ed webov\u00fdch str\u00e1nek, jak zahrani\u010dn\u00edch, tak \u010desk\u00fdch. Proto je zbyte\u010dn\u00e9 Arduino zde popisovat.<br \/>\nPro z\u00e1kladn\u00ed sezn\u00e1men\u00ed doporu\u010duji str\u00e1nky v\u00fdrobce <a href=\"http:\/\/www.arduino.cc\/\">www.arduino.cc<\/a> a velmi p\u011bkn\u00fd seri\u00e1l<br \/>\nv \u010de\u0161tin\u011b <a href=\"http:\/\/www.hwkitchen.com\/news\/arduino-uvod-1\/\">www.hwkitchen.com\/news\/arduino-uvod-1<\/a>.<\/p>\n<p>Trocha nostalgie s<strong> PICAXE<\/strong><br \/>\n1\/ SW<br \/>\n&#8211; programov\u00fd editor &#8211;&nbsp;<a href=\"http:\/\/fyzika.spaco.cz\/wp-content\/bas805-5_5.exe\">bas805 \u2013 ver. 5.5<\/a><br \/>\n&#8211; simul\u00e1tor nep\u00e1jiv\u00e9ho pole \u2013 <a href=\"http:\/\/fyzika.spaco.cz\/wp-content\/pebble.zip\">Pebble<\/a><\/p>\n<p>2\/ Dokumentace<br \/>\n&#8211; origin\u00e1ln\u00ed dokumentace od v\u00fdrobce \u2013 <a href=\"http:\/\/fyzika.spaco.cz\/wp-content\/picaxe_manual1.pdf\">picaxe_manual1<\/a>, <a href=\"http:\/\/fyzika.spaco.cz\/wp-content\/picaxe_manual2.pdf\">picaxe_manual2<\/a>, <a href=\"http:\/\/fyzika.spaco.cz\/wp-content\/picaxe_manual3.pdf\">picaxe_manual3<\/a><br \/>\n&#8211; z\u00e1kladn\u00ed p\u0159\u00edkazy jazyka BASIC v \u010de\u0161tin\u011b \u2013 <a href=\"http:\/\/fyzika.spaco.cz\/wp-content\/PICAXE_basic_man_cz.pdf\">PICAXE_basic_man_cz<\/a><br \/>\n&#8211; specifikace \u0159ady M2 \u2013 <a href=\"http:\/\/fyzika.spaco.cz\/wp-content\/PXM1104-nov%C3%A1-%C5%99ada-M2.pdf\">PXM1104 \u2013 nov\u00e1 \u0159ada M2<\/a><br \/>\n&#8211; <span style=\"color: #ff0000;\">\u00fapln\u00fd popis p\u0159\u00edkaz\u016f<\/span><a href=\"http:\/\/hobby.spaco.cz\/wp-content\/uploads\/PICAXE_XXM2-p\u0159eklad.docx\"> PICAXE \u0159ady M2 v \u010de\u0161tin\u011b<\/a> &#8211; p\u0159\u00edkazy jsou \u0159azeny t\u00e9maticky, ale zat\u00edm nen\u00ed sestaven rejst\u0159\u00edk<\/p>\n<p>3\/ Studijn\u00ed materi\u00e1ly<br \/>\n&#8211; <a href=\"http:\/\/fyzika.spaco.cz\/wp-content\/01_02_Mikrokontroler_PICAXE.pdf\">01_02_Mikrokontroler_PICAXE<\/a> \u2013 zapojen\u00ed v\u00fdvod\u016f<br \/>\n&#8211; <a href=\"http:\/\/fyzika.spaco.cz\/wp-content\/01_03_Mikrokontrol%C3%A9r-PICAXE.pdf\">01_03_Mikrokontroler_PICAXE<\/a> \u2013 program\u00e1torsk\u00e9 minimum \u2013 rev. 28. 5. 2012<\/p>\n<p>4\/ Zad\u00e1n\u00ed dom\u00e1c\u00edch \u00faloh<\/p>\n<p>01 \u2013 z\u00e1kladn\u00ed zapojen\u00ed<br \/>\n&#8211; zaveden\u00ed programu do PICAXE a ov\u011b\u0159en\u00ed funk\u010dnosti \u2013 rozsv\u00edcen\u00ed LED diod<br \/>\n&#8211; sch\u00e9ma pro <a href=\"http:\/\/fyzika.spaco.cz\/wp-content\/sch08_01.jpg\">PICAXE-08M2 \u2013 sch08_01<\/a> a pro<a href=\"http:\/\/fyzika.spaco.cz\/wp-content\/sch20_01.jpg\"> PICAXE-20M2 \u2013 sch20_01<\/a><br \/>\n&#8211; soubor se zapojen\u00edm v nep\u00e1jiv\u00e9m poli pro program Pebble<br \/>\n&#8211; <a href=\"http:\/\/fyzika.spaco.cz\/wp-content\/NP08_01-z%C3%A1kladn%C3%AD-zapojen%C3%AD-08M2.txt\">PICAXE-08M2 \u2013 NP08_01<\/a> a <a href=\"http:\/\/fyzika.spaco.cz\/wp-content\/NP20_01-z%C3%A1kladn%C3%AD-zapojen%C3%AD-20M2.txt\">PICAXE-20M2 \u2013 NP20_01<\/a><br \/>\n&#8211; uk\u00e1zka podobn\u00e9ho zapojen\u00ed &#8211;<a href=\"http:\/\/fyzika.spaco.cz\/wp-content\/NP01.png\"> obr\u00e1zek<\/a><\/p>\n<p>02 \u2013 v\u00fdstup \u2013 4x LED dioda<br \/>\n&#8211; b\u011b\u017e\u00edc\u00ed sv\u011btlo 5x zleva doprava, 5x zprava doleva, opakovat<br \/>\n&#8211; sch\u00e9ma zapojen\u00ed \u2013 <a href=\"http:\/\/fyzika.spaco.cz\/wp-content\/sch08_02.jpg\">sch08_02<\/a>, <a href=\"http:\/\/fyzika.spaco.cz\/wp-content\/sch20_02.jpg\">sch20_02<\/a><br \/>\n&#8211; zapojen\u00ed v nep\u00e1jiv\u00e9m poli &#8211;&nbsp;<a href=\"http:\/\/fyzika.spaco.cz\/wp-content\/NP08_02-4-diody-08M2.txt\">NP08_02<\/a>,&nbsp;<a href=\"http:\/\/fyzika.spaco.cz\/wp-content\/NP20_02-4-diody-20M2.txt\">NP20_02<\/a><\/p>\n<p>03 \u2013 vstup \u2013 tla\u010d\u00edtko<br \/>\n&#8211; ovl\u00e1d\u00e1n\u00ed programu pomoc\u00ed tla\u010d\u00edtek<br \/>\n&#8211; 1. tla\u010d\u00edtko =&gt; blik\u00e1 1. LED; 2. tl. =&gt; blik\u00e1 2. LED; ob\u011b tla\u010d\u00edtka =&gt; LED blikaj\u00ed st\u0159\u00eddav\u011b<br \/>\n&#8211; sch\u00e9ma zapojen\u00ed \u2013 <a href=\"http:\/\/fyzika.spaco.cz\/wp-content\/sch08_03.jpg\">sch08_03<\/a>, <a href=\"http:\/\/fyzika.spaco.cz\/wp-content\/sch20_03.jpg\">sch20_03<\/a><br \/>\n&#8211; zapojen\u00ed v nep\u00e1jiv\u00e9m poli \u2013 <a href=\"http:\/\/fyzika.spaco.cz\/wp-content\/NP08_03-vstup-08M2.txt\">NP08_03 \u2013 vstup 08M2<\/a>, <a href=\"http:\/\/fyzika.spaco.cz\/wp-content\/NP20_03-vstup-20M2.txt\">NP20_03 \u2013 vstup 20M2<\/a><\/p>\n<p>04 \u2013 sekundov\u00e9 stopky s optickou z\u00e1vorou \u2013 !!! rev. 25. 5. 2012<br \/>\n&#8211; stopky sp\u00ednan\u00e9 pr\u016fchodem p\u0159edm\u011btu optickou z\u00e1vorou, v\u00fdstup v sekund\u00e1ch na PC termin\u00e1l<br \/>\n&#8211; zapnut\u00ed<br \/>\n=&gt; kalibrace fototranzistoru (nastaven\u00ed trimru) = p\u0159enese sign\u00e1l z fototranzistoru na 1.LED<br \/>\n=&gt; stisk tla\u010d\u00edtka =&gt; nov\u00e9 m\u011b\u0159en\u00ed =&gt; prvn\u00edm zast\u00edn\u011bn\u00ed =&gt; start + 1.LED<br \/>\n=&gt; druh\u00e9 zast\u00edn\u011bn\u00ed =&gt; stop + 2.led + v\u00fdstup na PC termin\u00e1l =&gt; tla\u010d\u00edtko =&gt; zhasnout ob\u011b LED + nov\u00e9 m\u011b\u0159en\u00ed<br \/>\n&#8211; sch\u00e9ma zapojen\u00ed \u2013 <a href=\"http:\/\/fyzika.spaco.cz\/wp-content\/sch08_04.jpg\">sch08_4<\/a>, <a href=\"http:\/\/fyzika.spaco.cz\/wp-content\/sch20_04.jpg\">sch20_4<\/a>, !!! nezap\u00ednat intern\u00ed rezistory, fototranzistor z\u00e1\u0159ezem na z\u00e1porn\u00fd p\u00f3l<\/p>\n<p>05 \u2013 stopa\u0159 \u2013 sledova\u010d \u010d\u00e1ry \u2013 rev. 11. 6. 2012<br \/>\n&#8211; obvod sp\u00ednaj\u00edc\u00ed 2 motory tak, aby udr\u017eel \u010didla na rozhran\u00ed \u010dern\u00e1-b\u00edl\u00e1, + 2 pomocn\u00e9 LED kop\u00edruj\u00edc\u00ed stav \u010didel<br \/>\n&#8211; po zapnut\u00ed kop\u00edruje stav \u010didel \u2013 kalibrace trimrem, po stisku tla\u010d\u00edtka se rozjede po \u010dern\u00e9 \u010d\u00e1\u0159e (\u010dern\u00e1 p\u00e1ska)<br \/>\n&#8211; sch\u00e9ma zapojen\u00ed \u2013 <a href=\"http:\/\/fyzika.spaco.cz\/picaxe\/picaxe\/attachment\/sch20_05-2\/\">sch20_5<\/a>, !!! rev. 11. 6. 2012.<br \/>\n&#8211; doporu\u010den\u00ed \u2013 zapojit 1. \u010d\u00e1st, otestovat a pak zapojit \u010d\u00e1st v r\u00e1me\u010dku<br \/>\n&#8211; reflexn\u00ed fotoz\u00e1vora:&nbsp; sv\u011btl\u00e1 = IR LED; tmav\u00e1 = IR fototranzistor; kr\u00e1tk\u00e9 v\u00fdvody \u201eno\u017ei\u010dky\u201c na m\u00ednus<br \/>\n&#8211; komentovan\u00fd program pro stopovac\u00ed auto: <a href=\"http:\/\/fyzika.spaco.cz\/wp-content\/stopar_auto_komentovany.zip\">stopar_auto<\/a>, pro pochopen\u00ed je vhodn\u00e9 proj\u00edt postupn\u011b verze 1-4<\/p>\n<p>06 \u2013 alarm \u2013 opticko-paprskov\u00fd hl\u00eddac\u00ed syst\u00e9m \u2013 rev. 13. 6. 2012<br \/>\n&#8211; obvod vys\u00edl\u00e1 a p\u0159ij\u00edm\u00e1 laserov\u00e9 z\u00e1blesky, kter\u00e9 p\u0159i poru\u010den\u00ed spust\u00ed poplach + aktivace\/deaktivace se zpo\u017ed\u011bn\u00edm<br \/>\n&#8211; po zapnut\u00ed p\u0159ekontroluje spr\u00e1vnost nastaven\u00ed + mo\u017enost aktivace nastavovac\u00edho re\u017eimu, pak re\u017eim alarm<br \/>\n&#8211; sch\u00e9ma zapojen\u00ed \u2013 <a href=\"http:\/\/fyzika.spaco.cz\/wp-content\/sch08_06.jpg\">sch08_6<\/a>, !!! rev. 13. 6. 2012<br \/>\n&#8211; !!! laserov\u00e9ho ukazov\u00e1tka p\u0159ipojit po vyta\u017een\u00ed bateri\u00ed, v bateriov\u00e9m prostoru, pozor na polaritu<br \/>\n&#8211; pro testov\u00e1n\u00ed je mo\u017en\u00e9 zapojit \u010dervenou LED v s\u00e9rii s rezistorem 330 Ohm<\/p>\n<p>&nbsp;<\/p>\n<p>&nbsp;<\/p>\n<p>&nbsp;<\/p>\n","protected":false},"excerpt":{"rendered":"<p>Tady jsou uvedeny informace o mikrokontroleru PICAXE, se kter\u00fdm jsme vyr\u00e1b\u011bli na\u0161e prvn\u00ed roboty. Doba jde d\u00e1l a jejich v\u00fdkon u\u017e nesta\u010d\u00ed na konstrukci konkurence schopn\u00e9ho robota. Proto jsme i my p\u0159e\u0161li na platformu Atmel &#8211; Arduino. Touto platformou se &hellip; <a href=\"https:\/\/hobby.spaco.cz\/?page_id=44\">Cel\u00fd p\u0159\u00edsp\u011bvek <span class=\"meta-nav\">&rarr;<\/span><\/a><\/p>\n","protected":false},"author":2,"featured_media":0,"parent":102,"menu_order":20,"comment_status":"closed","ping_status":"closed","template":"","meta":{"ngg_post_thumbnail":0},"_links":{"self":[{"href":"https:\/\/hobby.spaco.cz\/index.php?rest_route=\/wp\/v2\/pages\/44"}],"collection":[{"href":"https:\/\/hobby.spaco.cz\/index.php?rest_route=\/wp\/v2\/pages"}],"about":[{"href":"https:\/\/hobby.spaco.cz\/index.php?rest_route=\/wp\/v2\/types\/page"}],"author":[{"embeddable":true,"href":"https:\/\/hobby.spaco.cz\/index.php?rest_route=\/wp\/v2\/users\/2"}],"replies":[{"embeddable":true,"href":"https:\/\/hobby.spaco.cz\/index.php?rest_route=%2Fwp%2Fv2%2Fcomments&post=44"}],"version-history":[{"count":7,"href":"https:\/\/hobby.spaco.cz\/index.php?rest_route=\/wp\/v2\/pages\/44\/revisions"}],"predecessor-version":[{"id":497,"href":"https:\/\/hobby.spaco.cz\/index.php?rest_route=\/wp\/v2\/pages\/44\/revisions\/497"}],"up":[{"embeddable":true,"href":"https:\/\/hobby.spaco.cz\/index.php?rest_route=\/wp\/v2\/pages\/102"}],"wp:attachment":[{"href":"https:\/\/hobby.spaco.cz\/index.php?rest_route=%2Fwp%2Fv2%2Fmedia&parent=44"}],"curies":[{"name":"wp","href":"https:\/\/api.w.org\/{rel}","templated":true}]}}