{"id":245,"date":"2014-03-24T23:19:47","date_gmt":"2014-03-24T21:19:47","guid":{"rendered":"http:\/\/hobby.spaco.cz\/?page_id=245"},"modified":"2015-10-08T18:10:05","modified_gmt":"2015-10-08T16:10:05","slug":"fotogalerie","status":"publish","type":"page","link":"https:\/\/hobby.spaco.cz\/?page_id=245","title":{"rendered":"Fotogalerie"},"content":{"rendered":"<p>Postupn\u011b zde budou publikov\u00e1ny fotografie ze \u017eivota Hobby klubu.<\/p>\n","protected":false},"excerpt":{"rendered":"<p>Postupn\u011b zde budou publikov\u00e1ny fotografie ze \u017eivota Hobby klubu.<\/p>\n","protected":false},"author":2,"featured_media":0,"parent":0,"menu_order":45,"comment_status":"closed","ping_status":"closed","template":"","meta":{"ngg_post_thumbnail":0},"_links":{"self":[{"href":"https:\/\/hobby.spaco.cz\/index.php?rest_route=\/wp\/v2\/pages\/245"}],"collection":[{"href":"https:\/\/hobby.spaco.cz\/index.php?rest_route=\/wp\/v2\/pages"}],"about":[{"href":"https:\/\/hobby.spaco.cz\/index.php?rest_route=\/wp\/v2\/types\/page"}],"author":[{"embeddable":true,"href":"https:\/\/hobby.spaco.cz\/index.php?rest_route=\/wp\/v2\/users\/2"}],"replies":[{"embeddable":true,"href":"https:\/\/hobby.spaco.cz\/index.php?rest_route=%2Fwp%2Fv2%2Fcomments&post=245"}],"version-history":[{"count":3,"href":"https:\/\/hobby.spaco.cz\/index.php?rest_route=\/wp\/v2\/pages\/245\/revisions"}],"predecessor-version":[{"id":248,"href":"https:\/\/hobby.spaco.cz\/index.php?rest_route=\/wp\/v2\/pages\/245\/revisions\/248"}],"wp:attachment":[{"href":"https:\/\/hobby.spaco.cz\/index.php?rest_route=%2Fwp%2Fv2%2Fmedia&parent=245"}],"curies":[{"name":"wp","href":"https:\/\/api.w.org\/{rel}","templated":true}]}}