{"id":2,"date":"2013-09-25T11:32:02","date_gmt":"2013-09-25T11:32:02","guid":{"rendered":"http:\/\/hobby.spaco.cz\/?page_id=2"},"modified":"2016-10-30T17:20:31","modified_gmt":"2016-10-30T15:20:31","slug":"zkusebni-stranka","status":"publish","type":"page","link":"https:\/\/hobby.spaco.cz\/?page_id=2","title":{"rendered":"Informace pro nov\u00e9 \u010dleny"},"content":{"rendered":"<h1 style=\"text-align: center;\"><span style=\"color: #ff0000;\">V sou\u010dasn\u00e9 dob\u011b je kapacita krou\u017eku napln\u011bna. <\/span><\/h1>\n<h1 style=\"text-align: center;\"><span style=\"color: #ff0000;\">N\u00e1bor nov\u00fdch \u010dlen\u016f prob\u011bhne v \u00fanoru.<\/span><\/h1>\n<h1 style=\"text-align: center;\"><span style=\"color: #ff0000;\"> Z\u00e1jemci, kte\u0159\u00ed maj\u00ed vlastn\u00ed robotickou stavebnici (Lego, Merkur&#8230;), se mohou p\u0159ihl\u00e1sit u\u017e v lednu.<br \/>\n<\/span><\/h1>\n<h1 style=\"text-align: center;\"><span style=\"color: #ff0000;\">P\u0159ihl\u00e1\u0161ka do krou\u017eku:<\/span> <a href=\"http:\/\/hobby.spaco.cz\/wp-content\/uploads\/P\u0159ihl\u00e1\u0161ka_2014.doc\">P\u0159ihl\u00e1\u0161ka<\/a><\/h1>\n<p><a href=\"http:\/\/www.mapy.cz\/s\/8yfH\" target=\"_blank\"><img decoding=\"async\" loading=\"lazy\" class=\"aligncenter size-full wp-image-14\" src=\"http:\/\/hobby.spaco.cz\/wp-content\/uploads\/mapa.jpg\" alt=\"mapa\" width=\"717\" height=\"660\" srcset=\"https:\/\/hobby.spaco.cz\/wp-content\/uploads\/mapa.jpg 717w, https:\/\/hobby.spaco.cz\/wp-content\/uploads\/mapa-300x276.jpg 300w, https:\/\/hobby.spaco.cz\/wp-content\/uploads\/mapa-325x300.jpg 325w\" sizes=\"(max-width: 717px) 100vw, 717px\" \/><\/a><\/p>\n","protected":false},"excerpt":{"rendered":"<p>V sou\u010dasn\u00e9 dob\u011b je kapacita krou\u017eku napln\u011bna. N\u00e1bor nov\u00fdch \u010dlen\u016f prob\u011bhne v \u00fanoru. Z\u00e1jemci, kte\u0159\u00ed maj\u00ed vlastn\u00ed robotickou stavebnici (Lego, Merkur&#8230;), se mohou p\u0159ihl\u00e1sit u\u017e v lednu. P\u0159ihl\u00e1\u0161ka do krou\u017eku: P\u0159ihl\u00e1\u0161ka<\/p>\n","protected":false},"author":2,"featured_media":0,"parent":47,"menu_order":0,"comment_status":"open","ping_status":"open","template":"","meta":{"ngg_post_thumbnail":0},"_links":{"self":[{"href":"https:\/\/hobby.spaco.cz\/index.php?rest_route=\/wp\/v2\/pages\/2"}],"collection":[{"href":"https:\/\/hobby.spaco.cz\/index.php?rest_route=\/wp\/v2\/pages"}],"about":[{"href":"https:\/\/hobby.spaco.cz\/index.php?rest_route=\/wp\/v2\/types\/page"}],"author":[{"embeddable":true,"href":"https:\/\/hobby.spaco.cz\/index.php?rest_route=\/wp\/v2\/users\/2"}],"replies":[{"embeddable":true,"href":"https:\/\/hobby.spaco.cz\/index.php?rest_route=%2Fwp%2Fv2%2Fcomments&post=2"}],"version-history":[{"count":22,"href":"https:\/\/hobby.spaco.cz\/index.php?rest_route=\/wp\/v2\/pages\/2\/revisions"}],"predecessor-version":[{"id":491,"href":"https:\/\/hobby.spaco.cz\/index.php?rest_route=\/wp\/v2\/pages\/2\/revisions\/491"}],"up":[{"embeddable":true,"href":"https:\/\/hobby.spaco.cz\/index.php?rest_route=\/wp\/v2\/pages\/47"}],"wp:attachment":[{"href":"https:\/\/hobby.spaco.cz\/index.php?rest_route=%2Fwp%2Fv2%2Fmedia&parent=2"}],"curies":[{"name":"wp","href":"https:\/\/api.w.org\/{rel}","templated":true}]}}