{"id":129,"date":"2014-01-03T11:32:00","date_gmt":"2014-01-03T09:32:00","guid":{"rendered":"http:\/\/hobby.spaco.cz\/?page_id=129"},"modified":"2018-10-23T02:28:39","modified_gmt":"2018-10-23T00:28:39","slug":"ohlednuti-za-soutezi","status":"publish","type":"page","link":"https:\/\/hobby.spaco.cz\/?page_id=129","title":{"rendered":"Archiv"},"content":{"rendered":"<p><span style=\"color: #ff0000;\">7. 12. 2017<\/span><br \/>\n5. ro\u010dn\u00edk sout\u011b\u017ee mal\u00fdch robot\u016f &#8211; RoboTrip 2017<br \/>\n<a href=\"http:\/\/hobby.spaco.cz\/wp-content\/uploads\/RoboTrip-Uni\u010dov-2017.pdf\">Pozv\u00e1nka a pravidla<\/a>,<a href=\"http:\/\/hobby.spaco.cz\/wp-content\/uploads\/RoboTrip-2017-final.pdf\"> v\u00fdsledkov\u00e1 listina<\/a>.<\/p>\n<p><span style=\"color: #ff0000;\">8. 12. 2016<\/span><br \/>\n4. ro\u010dn\u00edk sout\u011b\u017ee mal\u00fdch robot\u016f &#8211; RoboTrip 2016<br \/>\n<a href=\"http:\/\/hobby.spaco.cz\/wp-content\/uploads\/RoboTrip-Uni\u010dov-2016.pdf\">Pozv\u00e1nka a pravidla<\/a>,<a href=\"http:\/\/hobby.spaco.cz\/wp-content\/uploads\/RoboTrip-2016-v\u00fdsledkov\u00e1-listina.pdf\"> v\u00fdsledkov\u00e1 listina<\/a>.<\/p>\n<p><span style=\"color: #ff0000;\">10. 12. 2015<\/span><br \/>\n3. ro\u010dn\u00edk sout\u011b\u017ee mal\u00fdch robot\u016f &#8211; RoboTrip 2015<br \/>\n<a href=\"http:\/\/hobby.spaco.cz\/wp-content\/uploads\/RoboTrip-Uni\u010dov-2015.pdf\">Pozv\u00e1nka a pravidla<\/a>, <a href=\"http:\/\/hobby.spaco.cz\/wp-content\/uploads\/RoboTrip-Uni\u010dov-2015-v\u00fdsledkov\u00e1-listina.pdf\">v\u00fdsledkov\u00e1 listina<\/a>, <a href=\"http:\/\/www.rozhlas.cz\/olomouc\/zpravy\/_zprava\/robotika-a-programovani-muze-byt-konicek-i-pro-deti-a-dospivajici--1563921\">rozhlasov\u00e1 report\u00e1\u017ee \u010cesk\u00e9ho rozhlasu Olomouc<\/a>, <a href=\"https:\/\/www.facebook.com\/media\/set\/?set=a.1685226731734169.1073741842.1415462452043933&amp;type=3\">fotogalerie<\/a><a href=\"http:\/\/hobby.spaco.cz\/wp-content\/uploads\/RoboTrip-Uni%C4%8Dov-p%C5%99ihl%C3%A1%C5%A1ka1.xls\" target=\"_blank\" rel=\"noopener\">.<\/a><\/p>\n<p><span style=\"color: #ff0000;\">11. 12. 2014<\/span><br \/>\n2. ro\u010dn\u00edk sout\u011b\u017ee mal\u00fdch robot\u016f \u2013 RoboTrip 2014<br \/>\n<a href=\"http:\/\/hobby.spaco.cz\/wp-content\/uploads\/RoboTrip-Uni%C4%8Dov-2014.pdf\">Pozv\u00e1nka a pravidla<\/a>, <a href=\"http:\/\/hobby.spaco.cz\/wp-content\/uploads\/RoboTrip-Uni%C4%8Dov-v%C3%BDsledkov%C3%A1-listina.pdf\">v\u00fdsledkov\u00e1 listina<\/a>.<\/p>\n<p><span style=\"color: #ff0000;\">12. 12. 2013<\/span><br \/>\n1. ro\u010dn\u00edk sout\u011b\u017ee mal\u00fdch robot\u016f \u2013 Uni\u010dovsk\u00e9ho robotov\u00e1n\u00ed 2013<br \/>\nPozv\u00e1nka &#8211; <a href=\"http:\/\/hobby.spaco.cz\/wp-content\/uploads\/Uni\u010dovsk\u00e9-robotov\u00e1n\u00ed-2013.pdf\">Uni\u010dovsk\u00e9 robotov\u00e1n\u00ed 2013<\/a><br \/>\n<a href=\"http:\/\/hobby.spaco.cz\/wp-content\/uploads\/Uni%C4%8Dovsk%C3%A9-robotov%C3%A1n%C3%AD-2013-v%C3%BDsledkov%C3%A1-listina.pdf\">V\u00fdsledkov\u00e1 listina<\/a>, <a href=\"https:\/\/www.youtube.com\/watch?v=rPmIDPaKWhI\">z\u00e1znam cel\u00fdch z\u00e1vod\u016f<\/a>,<a href=\"http:\/\/www.ceskatelevize.cz\/porady\/10122978233-udalosti-v-regionech-ostrava\/413231100001214-udalosti-v-regionech\/\"> report\u00e1\u017e \u010cesk\u00e9 televize<\/a> (22 min 48 s),<br \/>\n<a href=\"http:\/\/unicprum.cz\/index.php\/akce-skoly\/124-unicovske-robotovani-2013\">\u010dl\u00e1nek a fotografie<\/a>.<\/p>\n","protected":false},"excerpt":{"rendered":"<p>7. 12. 2017 5. ro\u010dn\u00edk sout\u011b\u017ee mal\u00fdch robot\u016f &#8211; RoboTrip 2017 Pozv\u00e1nka a pravidla, v\u00fdsledkov\u00e1 listina. 8. 12. 2016 4. ro\u010dn\u00edk sout\u011b\u017ee mal\u00fdch robot\u016f &#8211; RoboTrip 2016 Pozv\u00e1nka a pravidla, v\u00fdsledkov\u00e1 listina. 10. 12. 2015 3. ro\u010dn\u00edk sout\u011b\u017ee mal\u00fdch robot\u016f &hellip; <a href=\"https:\/\/hobby.spaco.cz\/?page_id=129\">Cel\u00fd p\u0159\u00edsp\u011bvek <span class=\"meta-nav\">&rarr;<\/span><\/a><\/p>\n","protected":false},"author":2,"featured_media":0,"parent":380,"menu_order":10,"comment_status":"closed","ping_status":"closed","template":"","meta":{"ngg_post_thumbnail":0},"_links":{"self":[{"href":"https:\/\/hobby.spaco.cz\/index.php?rest_route=\/wp\/v2\/pages\/129"}],"collection":[{"href":"https:\/\/hobby.spaco.cz\/index.php?rest_route=\/wp\/v2\/pages"}],"about":[{"href":"https:\/\/hobby.spaco.cz\/index.php?rest_route=\/wp\/v2\/types\/page"}],"author":[{"embeddable":true,"href":"https:\/\/hobby.spaco.cz\/index.php?rest_route=\/wp\/v2\/users\/2"}],"replies":[{"embeddable":true,"href":"https:\/\/hobby.spaco.cz\/index.php?rest_route=%2Fwp%2Fv2%2Fcomments&post=129"}],"version-history":[{"count":15,"href":"https:\/\/hobby.spaco.cz\/index.php?rest_route=\/wp\/v2\/pages\/129\/revisions"}],"predecessor-version":[{"id":503,"href":"https:\/\/hobby.spaco.cz\/index.php?rest_route=\/wp\/v2\/pages\/129\/revisions\/503"}],"up":[{"embeddable":true,"href":"https:\/\/hobby.spaco.cz\/index.php?rest_route=\/wp\/v2\/pages\/380"}],"wp:attachment":[{"href":"https:\/\/hobby.spaco.cz\/index.php?rest_route=%2Fwp%2Fv2%2Fmedia&parent=129"}],"curies":[{"name":"wp","href":"https:\/\/api.w.org\/{rel}","templated":true}]}}